{"id":424,"date":"2020-12-03T14:02:56","date_gmt":"2020-12-03T13:02:56","guid":{"rendered":"http:\/\/www.danielburkhardt.de\/danielburkhardt_de\/en\/?page_id=424"},"modified":"2025-02-18T14:41:05","modified_gmt":"2025-02-18T13:41:05","slug":"lectures","status":"publish","type":"page","link":"https:\/\/danielburkhardt.de\/en\/lectures\/","title":{"rendered":"Teaching|Lectures"},"content":{"rendered":"<div class=\"wpb-content-wrapper\">[vc_row css_animation=&#8221;fadeIn&#8221; visibility=&#8221;show-at-mm-breakpoint&#8221; el_class=&#8221;danielburkhardt-title&#8221;][vc_column][vc_column_text css=&#8221;&#8221;]Teaching|Lectures[\/vc_column_text][\/vc_column][\/vc_row][vc_row css_animation=&#8221;fadeIn&#8221;][vc_column][vc_column_text]\n<table class=\"danielburkhardt-table\">\n<tbody>\n<tr>\n<td>2024<\/td>\n<td>\n<ul>\n<li>De\/Constructing the Other _ Seminar with Matthias M\u00fcller, KHM, Cologne, DE<\/li>\n<li>Videokunst &amp; Performance _ Seminar with Tobias Yves Zintel, KHM, Cologne, DE<\/li>\n<li>Film ist #2 _ Seminar with Matthias M\u00fcller, KHM, Cologne, DE<\/li>\n<\/ul>\n<\/td>\n<\/tr>\n<tr>\n<td>2023<\/td>\n<td>\n<ul>\n<li>Film ist _ Seminar with Matthias M\u00fcller, KHM, Cologne, DE<\/li>\n<li>Videokunst &amp; Performance _ Seminar with Tobias Yves Zintel, KHM, Cologne, DE<\/li>\n<li>Ich, etc. _ Seminar with Matthias M\u00fcller, KHM, Cologne, DE<\/li>\n<\/ul>\n<\/td>\n<\/tr>\n<tr>\n<td>2022<\/td>\n<td>\n<ul>\n<li>Experimentalfilm-Forum _ Seminar with Matthias M\u00fcller, KHM, Cologne, DE<\/li>\n<li>Videokunst &amp; Performance _ Seminar with Tobias Yves Zintel, KHM, Cologne, DE<\/li>\n<li>R\u00e4ume #3: Affected Places _ Seminar with Matthias M\u00fcller, KHM, Cologne, DE<\/li>\n<\/ul>\n<\/td>\n<\/tr>\n<tr>\n<td>2021<\/td>\n<td>\n<ul>\n<li>Experimentalfilm-Forum _ Seminar with Matthias M\u00fcller, KHM, Cologne, DE<\/li>\n<li>Videokunst &amp; Performance _ Seminar with Tobias Yves Zintel, KHM, Cologne, DE<\/li>\n<\/ul>\n<\/td>\n<\/tr>\n<tr>\n<td>2020<\/td>\n<td>\n<ul>\n<li>Experimentalfilm-Forum _ Seminar with Matthias M\u00fcller, KHM, Cologne, DE<\/li>\n<li>Videokunst &amp; Performance _ Seminar with Tobias Yves Zintel, KHM, Cologne, DE<\/li>\n<\/ul>\n<\/td>\n<\/tr>\n<tr>\n<td>2019<\/td>\n<td>\n<ul>\n<li>Undirected Cinema _ Seminar with Tobias Yves Zintel, KHM, Cologne, DE<\/li>\n<li>Found Footage Film _ Seminar with Matthias M\u00fcller, KHM, Cologne, DE<\/li>\n<li>Videokunst &amp; Performance _ Seminar with Tobias Yves Zintel, KHM, Cologne, DE<\/li>\n<\/ul>\n<\/td>\n<\/tr>\n<tr>\n<td>2018<\/td>\n<td>\n<ul>\n<li>R\u00e4ume #2 _ Seminar with Matthias M\u00fcller, KHM, Cologne, DE<\/li>\n<li>Experimentalfilm-Forum _ Seminar with Matthias M\u00fcller, KHM, Cologne, DE<\/li>\n<li>Video|Bewegtbild _ Seminar with Christian Sievers, KHM, Cologne, DE<\/li>\n<li>First Person Cinema _ Seminar with Matthias M\u00fcller, KHM, Cologne, DE<\/li>\n<li>Video|Bewegtbild _ Seminar, KHM, Cologne, DE<\/li>\n<\/ul>\n<\/td>\n<\/tr>\n<tr>\n<td>2017<\/td>\n<td>\n<ul>\n<li>CUT IT SHORT _ Workshop with Matthias M\u00fcller in the context of the German Short Film Award, Cinenova, Cologne, DE<\/li>\n<li>Experimentalfilm-Forum _ Seminar with Matthias M\u00fcller, KHM, Cologne, DE<\/li>\n<li>Performance _ Seminar with Tobias Yves Zintel, KHM, Cologne, DE<\/li>\n<li>Film ohne Film _ Seminar with Christian Faubel, Luis Negr\u00f3n van Grieken, KHM, Cologne, DE<\/li>\n<li>Video|Bewegtbild _ Seminar with Christian Sievers, KHM, Cologne, DE<\/li>\n<\/ul>\n<\/td>\n<\/tr>\n<tr>\n<td>2016<\/td>\n<td>\n<ul>\n<li>Gegen die Tadler des Kurzen _ Lecture with Matthias M\u00fcller in the context of the symposium Short of What?, KHM, Cologne, DE<\/li>\n<li>Experimentalfilm-Forum _ Seminar with Matthias M\u00fcller, KHM, Cologne, DE<\/li>\n<li>Screen Tests _ Seminar with Tobias Yves Zintel, KHM, Cologne, DE<\/li>\n<li>Performance _ Seminar with Tobias Yves Zintel, KHM, Cologne, DE<\/li>\n<\/ul>\n<\/td>\n<\/tr>\n<tr>\n<td>2015<\/td>\n<td>\n<ul>\n<li>Facetten des Bewegtbildes _ Seminar at the Kunstakademie D\u00fcsseldorf, DE<\/li>\n<li>Vom G\u00e4rtnern in der Medienkunst \u2013 Konzeption und Realisation einer Ausstellung _ Seminar with Helen Koriath and Matthias Neunhofer, Universit\u00e4t Osnabr\u00fcck, DE<\/li>\n<li>Videokunst _ Lecture at the seminar by Luis Negr\u00f3n, Christian Sievers, KHM, Cologne, DE<\/li>\n<\/ul>\n<\/td>\n<\/tr>\n<tr>\n<td>2014<\/td>\n<td>\n<ul>\n<li>Aktuelle Entwicklungen und Tendenzen in der Videokunst _ Seminar with Helen Koriath, Universit\u00e4t Osnabr\u00fcck, DE<\/li>\n<\/ul>\n<\/td>\n<\/tr>\n<tr>\n<td>2013<\/td>\n<td>\n<ul>\n<li>R\u00e4umlichkeiten im Medium Film _ Lecture at the seminar by Sophie Maintigneux, Marc Gl\u00f6de, Matthias M\u00fcller, KHM, Cologne, DE<\/li>\n<li>Einrei\u00dfen, aufbauen, umr\u00e4umen _ Lecture, Kunsthaus Stade, DE<\/li>\n<li>Splits and Spaces _ Lecture, Motorenhalle, riesa efau, Dresden, DE<\/li>\n<\/ul>\n<\/td>\n<\/tr>\n<tr>\n<td>2011<\/td>\n<td>\n<ul>\n<li>Rearrangement \u2013 Alternative Collocations of Space and Time _ Lecture, Zendai Contemporary Art Exhibition Hall, Shanghai, RC<\/li>\n<li>visuelles erz\u00e4hlen _ Seminar at the Burg Giebichenstein Kunsthochschule Halle, DE<\/li>\n<\/ul>\n<\/td>\n<\/tr>\n<tr>\n<td>2010<\/td>\n<td>\n<ul>\n<li>Raum und Wahrnehmung _ Lecture, Szenografie Kolloquium, DASA, Dortmund, DE<\/li>\n<li>Ortsangaben _ Lecture at the seminar by Matthias M\u00fcller, KHM, Cologne, DE<\/li>\n<li>forum.expert _ Lecture, backupfestival, Weimar, DE<\/li>\n<li>Videokunst: Gestern-Heute-Morgen _ Lecture within the Symposium at the Museum Glaskasten Marl, DE<\/li>\n<li>Bildfragen in der Gegenwartskunst _ Lecture at the seminar by Helen Koriath, Universit\u00e4t Osnabr\u00fcck, DE<\/li>\n<\/ul>\n<\/td>\n<\/tr>\n<tr>\n<td>2009<\/td>\n<td>\n<ul>\n<li>Bilderforscher _ Workshop with Kerstin Ergenzinger, Sk Stiftung Kultur, Cologne, DE<\/li>\n<li>Klangreise, Bilderreise _ Workshop with Gerriet K. Sharma, Sk Stiftung Kultur, Cologne, DE<\/li>\n<li>Musikvideo revisited: experimentelle Formen von Bewegtbild und Klang, Sk Stiftung Kultur, Cologne, DE<\/li>\n<\/ul>\n<\/td>\n<\/tr>\n<\/tbody>\n<\/table>\n[\/vc_column_text][\/vc_column][\/vc_row]\n<\/div>","protected":false},"excerpt":{"rendered":"<p>[vc_row css_animation=&#8221;fadeIn&#8221; visibility=&#8221;show-at-mm-breakpoint&#8221; el_class=&#8221;danielburkhardt-title&#8221;][vc_column][vc_column_text css=&#8221;&#8221;]Teaching|Lectures[\/vc_column_text][\/vc_column][\/vc_row][vc_row css_animation=&#8221;fadeIn&#8221;][vc_column][vc_column_text] 2024 De\/Constructing the Other _ Seminar with Matthias M\u00fcller, KHM, Cologne, DE Videokunst &amp; Performance _ Seminar with Tobias Yves Zintel, KHM, Cologne, DE Film ist #2 _ Seminar with Matthias M\u00fcller, KHM, Cologne, DE 2023 Film ist _ Seminar with Matthias M\u00fcller, KHM, Cologne, DE Videokunst &amp; Performance&hellip;<\/p>\n","protected":false},"author":1,"featured_media":0,"parent":0,"menu_order":0,"comment_status":"closed","ping_status":"closed","template":"","meta":{"footnotes":""},"class_list":["post-424","page","type-page","status-publish","hentry","entry","no-media"],"_links":{"self":[{"href":"https:\/\/danielburkhardt.de\/en\/wp-json\/wp\/v2\/pages\/424","targetHints":{"allow":["GET"]}}],"collection":[{"href":"https:\/\/danielburkhardt.de\/en\/wp-json\/wp\/v2\/pages"}],"about":[{"href":"https:\/\/danielburkhardt.de\/en\/wp-json\/wp\/v2\/types\/page"}],"author":[{"embeddable":true,"href":"https:\/\/danielburkhardt.de\/en\/wp-json\/wp\/v2\/users\/1"}],"replies":[{"embeddable":true,"href":"https:\/\/danielburkhardt.de\/en\/wp-json\/wp\/v2\/comments?post=424"}],"version-history":[{"count":37,"href":"https:\/\/danielburkhardt.de\/en\/wp-json\/wp\/v2\/pages\/424\/revisions"}],"predecessor-version":[{"id":1185,"href":"https:\/\/danielburkhardt.de\/en\/wp-json\/wp\/v2\/pages\/424\/revisions\/1185"}],"wp:attachment":[{"href":"https:\/\/danielburkhardt.de\/en\/wp-json\/wp\/v2\/media?parent=424"}],"curies":[{"name":"wp","href":"https:\/\/api.w.org\/{rel}","templated":true}]}}