{"id":894,"date":"2024-10-08T10:21:09","date_gmt":"2024-10-08T08:21:09","guid":{"rendered":"http:\/\/danielburkhardt.de\/danielburkhardt_de\/de\/?page_id=894"},"modified":"2025-02-19T12:57:57","modified_gmt":"2025-02-19T11:57:57","slug":"legal-notice","status":"publish","type":"page","link":"https:\/\/danielburkhardt.de\/de\/legal-notice\/","title":{"rendered":"Haftungsausschluss"},"content":{"rendered":"<div class=\"wpb-content-wrapper\">[vc_row css_animation=&#8220;fadeIn&#8220; visibility=&#8220;show-at-mm-breakpoint&#8220; el_class=&#8220;danielburkhardt-title&#8220;][vc_column][vc_column_text css=&#8220;&#8220;]Haftungsausschluss[\/vc_column_text][\/vc_column][\/vc_row][vc_row css_animation=&#8220;fadeIn&#8220;][vc_column][vc_column_text css=&#8220;&#8220;]Daniel Burkhardt | Atelier<br \/>\nSechzigstr. 6<br \/>\n50733 K\u00f6ln<\/p>\n<p>info [at] danielburkhardt [dot] de<\/p>\n<p>Alle Rechte liegen bei Daniel Burkhardt, der VG Bild-Kunst, den Autoren und Fotografen.<br \/>\nText- &amp; Bildmaterial soweit nicht anders vermerkt von Daniel Burkhardt.<\/p>\n<p>Trotz sorgf\u00e4ltiger inhaltlicher Kontrolle \u00fcbernehmen wir keine Haftung f\u00fcr die Inhalte externer Links. F\u00fcr den Inhalt der verlinkten Seiten sind ausschlie\u00dflich deren Betreiber verantwortlich. Inhalt und Struktur sind urheberrechtlich gesch\u00fctzt. Die Vervielf\u00e4ltigung von Informationen oder Daten, insbesondere die Verwendung von Texten, Textteilen, Bild- oder Videomaterial bedarf der vorherigen Zustimmung.[\/vc_column_text][\/vc_column][\/vc_row]\n<\/div>","protected":false},"excerpt":{"rendered":"<p>[vc_row css_animation=&#8220;fadeIn&#8220; visibility=&#8220;show-at-mm-breakpoint&#8220; el_class=&#8220;danielburkhardt-title&#8220;][vc_column][vc_column_text css=&#8220;&#8220;]Haftungsausschluss[\/vc_column_text][\/vc_column][\/vc_row][vc_row css_animation=&#8220;fadeIn&#8220;][vc_column][vc_column_text css=&#8220;&#8220;]Daniel Burkhardt | Atelier Sechzigstr. 6 50733 K\u00f6ln info [at] danielburkhardt [dot] de Alle Rechte liegen bei Daniel Burkhardt, der VG Bild-Kunst, den Autoren und Fotografen. Text- &amp; Bildmaterial soweit nicht anders vermerkt von Daniel Burkhardt. Trotz sorgf\u00e4ltiger inhaltlicher Kontrolle \u00fcbernehmen wir keine Haftung f\u00fcr die Inhalte externer Links.&hellip;<\/p>\n","protected":false},"author":1,"featured_media":0,"parent":0,"menu_order":0,"comment_status":"closed","ping_status":"closed","template":"","meta":{"footnotes":""},"class_list":["post-894","page","type-page","status-publish","hentry","entry","no-media"],"_links":{"self":[{"href":"https:\/\/danielburkhardt.de\/de\/wp-json\/wp\/v2\/pages\/894","targetHints":{"allow":["GET"]}}],"collection":[{"href":"https:\/\/danielburkhardt.de\/de\/wp-json\/wp\/v2\/pages"}],"about":[{"href":"https:\/\/danielburkhardt.de\/de\/wp-json\/wp\/v2\/types\/page"}],"author":[{"embeddable":true,"href":"https:\/\/danielburkhardt.de\/de\/wp-json\/wp\/v2\/users\/1"}],"replies":[{"embeddable":true,"href":"https:\/\/danielburkhardt.de\/de\/wp-json\/wp\/v2\/comments?post=894"}],"version-history":[{"count":14,"href":"https:\/\/danielburkhardt.de\/de\/wp-json\/wp\/v2\/pages\/894\/revisions"}],"predecessor-version":[{"id":1303,"href":"https:\/\/danielburkhardt.de\/de\/wp-json\/wp\/v2\/pages\/894\/revisions\/1303"}],"wp:attachment":[{"href":"https:\/\/danielburkhardt.de\/de\/wp-json\/wp\/v2\/media?parent=894"}],"curies":[{"name":"wp","href":"https:\/\/api.w.org\/{rel}","templated":true}]}}