{"id":462,"date":"2020-12-04T11:39:04","date_gmt":"2020-12-04T10:39:04","guid":{"rendered":"http:\/\/danielburkhardt.de\/danielburkhardt_de\/de\/?page_id=462"},"modified":"2025-11-21T16:34:37","modified_gmt":"2025-11-21T15:34:37","slug":"screenings","status":"publish","type":"page","link":"https:\/\/danielburkhardt.de\/de\/screenings\/","title":{"rendered":"Screenings"},"content":{"rendered":"<div class=\"wpb-content-wrapper\">[vc_row css_animation=&#8220;fadeIn&#8220; visibility=&#8220;show-at-mm-breakpoint&#8220; el_class=&#8220;danielburkhardt-title&#8220;][vc_column][vc_column_text css=&#8220;&#8220;]Screenings[\/vc_column_text][\/vc_column][\/vc_row][vc_row css_animation=&#8220;fadeIn&#8220;][vc_column][vc_column_text css=&#8220;&#8220;]\n<table class=\"danielburkhardt-table\">\n<tbody>\n<tr>\n<td>2025<\/td>\n<td>\n<ul>\n<li>With One\u2019s Own Eyes _ Offkino Bielefeld, DE<\/li>\n<li>Traverse Vid\u00e9o _ ENSAV, Toulouse, FR<\/li>\n<li>MuMa \u2013 Mus\u00e9e d\u2019Art moderne Andr\u00e9 Malraux, Le Havre, FR<\/li>\n<li>With One\u2019s Own Eyes _ KHM, K\u00f6ln, DE<\/li>\n<\/ul>\n<\/td>\n<\/tr>\n<tr>\n<td>2024<\/td>\n<td>\n<ul>\n<li>Shorties #16 _ FITZ! Zentrum f\u00fcr Figurentheater, Stuttgart, DE<\/li>\n<li>blicke. filmfestival des ruhrgebiets _ Kino Endstation, Bochum, DE<\/li>\n<li>24. Dortmunder DEW21 Museumsnacht _ Kino im U, Dortmund, DE<\/li>\n<li>With One\u2019s Own Eyes _ Goethe Institut, Tiflis, GE<\/li>\n<li>Die Stadt ist anderswo _ Kino Endstation, Bochum, DE<\/li>\n<\/ul>\n<\/td>\n<\/tr>\n<tr>\n<td>2023<\/td>\n<td>\n<ul>\n<li>HMKV Video des Monats _ Online &amp; HMKV, Dortmunder U, DE<\/li>\n<li>UNORDNUNGEN _ Motorenhalle, Dresden, DE<\/li>\n<li>Videocity _ Congress Center, Basel, CH<\/li>\n<\/ul>\n<\/td>\n<\/tr>\n<tr>\n<td>2022<\/td>\n<td>\n<ul>\n<li>35. Stuttgarter Filmwinter _ Online<\/li>\n<li>Somos + _ Museo de Arte Moderno De Bogot\u00e1, CO<\/li>\n<li>FUTUR21 _ Zeche Zollern, Dortmund, DE<\/li>\n<li>Official Selection of VIDEOGRAMA\u00b2 _ Museo de Arte Moderno de Medell\u00edn, CO<\/li>\n<li>Wem geh\u00f6rt die Stadt? _ Filmhaus K\u00f6ln, DE<\/li>\n<li>Festival International du Film de Nancy _ FR<\/li>\n<li>Momentaufnahme: Videoarbeiten von Daniel Burkhardt _ Kunstmuseum Bochum, DE<\/li>\n<li>20th Kalpanirjhar International Short Fiction Film Festival 2022 _ Kalkutta, IN<\/li>\n<\/ul>\n<\/td>\n<\/tr>\n<tr>\n<td>2021<\/td>\n<td>\n<ul>\n<li>38. Kasseler Dokumentarfilm- und Videofest _ Bali Kino, Kassel, DE<\/li>\n<li>blicke. filmfestival des ruhrgebiets _ Kino Endstation, Bochum, DE<\/li>\n<li>VIDEOGRAMA _ Galeria Santa Fe, Bogot\u00e1, CO<\/li>\n<li>Over The Real _ Palazzo delle Esposizioni, Lucca, IT<\/li>\n<li>Festival International du Film de Nancy _ FR<\/li>\n<li>Internationale Kurzfilmwoche Regensburg _ DE<\/li>\n<li>Rencontres Internationales Paris\/Berlin (video library) _ Louvre Auditorium, Paris, FR<\/li>\n<li>ATELIER 105 ONLINE _ Light Cone, Online<\/li>\n<li>34. Stuttgarter Filmwinter _ Online<\/li>\n<\/ul>\n<\/td>\n<\/tr>\n<tr>\n<td>2020<\/td>\n<td>\n<ul>\n<li>Festival Tous Courts of Aix-en-Provence _ Online<\/li>\n<li>37. Kasseler Dokumentarfilm- und Videofest _ Online<\/li>\n<li>Bolton International Film Festival _ Online<\/li>\n<li>blicke. filmfestival des ruhrgebiets _ Online<\/li>\n<li>Wie wir wohnen wollen! _ SK Stiftung Kultur, Filmpalette, K\u00f6ln, DE<\/li>\n<li>66. Internationale Kurzfilmtage Oberhausen _ Online<\/li>\n<li>POOL 20 # Spring Edition _ Online<\/li>\n<li>Life in Cities _ Osthaus Museum Hagen, DE<\/li>\n<\/ul>\n<\/td>\n<\/tr>\n<tr>\n<td>2019<\/td>\n<td>\n<ul>\n<li>32. Stuttgarter Filmwinter _ FITZ! Cinema, DE<\/li>\n<li>Stiftung imai Screening _ D\u00fcsseldorf Photo Weekend, Hafenkunstkino D\u00fcsseldorf, DE<\/li>\n<li>blicke. filmfestival des ruhrgebiets _ Kino Endstation, Bochum, DE<\/li>\n<\/ul>\n<\/td>\n<\/tr>\n<tr>\n<td>2018<\/td>\n<td>\n<ul>\n<li>31. Stuttgarter Filmwinter _ Wilhelmspalais, DE<\/li>\n<li>Capri by Night _ Au\u00dfenprojektion am Schauspielhaus K\u00f6ln, DE<\/li>\n<li>AIC ON 2018 _ Opekta Ateliers, K\u00f6ln, DE<\/li>\n<li>blicke. filmfestival des ruhrgebiets _ Kino Endstation, Bochum, DE<\/li>\n<\/ul>\n<\/td>\n<\/tr>\n<tr>\n<td>2017<\/td>\n<td>\n<ul>\n<li>Wie wir wohnen wollen! _ Kulturkirche Ost, K\u00f6ln, DE<\/li>\n<li>blicke. filmfestival des ruhrgebiets _ Kino Endstation, Bochum, DE<\/li>\n<li>EAU DE COLOGNE _ la lumi\u00e8re, Montreal, CA<\/li>\n<li>Wie wir wohnen wollen! _ Fort X, K\u00f6ln, DE<\/li>\n<li>23. Internationale Kurzfilmwoche Regensburg _ DE<\/li>\n<\/ul>\n<\/td>\n<\/tr>\n<tr>\n<td>2016<\/td>\n<td>\n<ul>\n<li>PSSST! Silent Film Festival _ Tre\u0161njevka Cultural Centre, Zagreb, HR<\/li>\n<li>blicke. filmfestival des ruhrgebiets _ Kino Endstation, Bochum, DE<\/li>\n<li>Preview Show 2016 _ Light Cone, Paris, FR<\/li>\n<li>VIII Tashkent International Biennale of Contemporary Art _ Tashkent, UZ<\/li>\n<li>BURONALE _ filmzeitkaufbeuren, DE<\/li>\n<li>EAU DE COLOGNE _ Cinecycle Toronto, CA<\/li>\n<li>SONIC ABSTRACTION &#8211; A Tale of a Tub, Rotterdam, NL<\/li>\n<li>Capri by Night _ Au\u00dfenprojektion am Schauspielhaus K\u00f6ln, DE<\/li>\n<\/ul>\n<\/td>\n<\/tr>\n<tr>\n<td>2015<\/td>\n<td>\n<ul>\n<li>VIDEOGRAMA _ Cine Club La Florida, Pereira, CO<\/li>\n<li>blicke. filmfestival des ruhrgebiets _ Kino Endstation, Bochum, DE<\/li>\n<li>VIDEONALE.scope 2015 _ Filmpalette K\u00f6ln, DE<\/li>\n<li>B3 Biennale des bewegten Bildes 2015 _ Kino des Deutschen Filmmuseums, Frankfurt\/M, DE<\/li>\n<li>Superstructure : Ouverture D\u00e9finitive _ La Fabrique, Nantes, FR<\/li>\n<li>VIDEOGRAMA _ Museo de Arte Contempor\u00e1neo de Bogot\u00e1, CO<\/li>\n<li>Gaststerne _ Museumsnacht Halle \u2013 Leipzig, Volkspark Halle, DE<\/li>\n<li>Lille3000 Renaissance _ La Madeleine, FR<\/li>\n<li>61. Internationale Kurzfilmtage Oberhausen _ DE<\/li>\n<li>28. European Media Art Festival _ Osnabr\u00fcck, DE<\/li>\n<li>18th edition of Traverse Vid\u00e9o _ Toulouse, FR<\/li>\n<li>28. Stuttgarter Filmwinter _ Theater Rampe, DE<\/li>\n<\/ul>\n<\/td>\n<\/tr>\n<tr>\n<td>2014<\/td>\n<td>\n<ul>\n<li>Scratch Projection: Recent films _ Light Cone, Studio des Ursulines, Paris, FR<\/li>\n<li>Filmreihe K\u00f6ln _ Filmhauskino, K\u00f6ln, DE<\/li>\n<li>Moving Images from Europe: New Acquisitions from Light Cone _ University of Rochester, US<\/li>\n<li>Oberhausen on Tour _ Experiment\u00e1ln\u00ed prostor MUMIE, \u00dast\u00ed nad Labem, CZ<\/li>\n<li>Preview Show 2014 _ Light Cone, Paris, FR<\/li>\n<li>SCREENSHOP #01 _ PARASIT, K\u00f6ln, DE<\/li>\n<li>Life in the Cities _ Galerie Lausberg, D\u00fcsseldorf, DE<\/li>\n<li>Dichtestress _ Westfenster, Bern, CH<\/li>\n<li>Oberhausen on Tour _ N\u011bmeck\u00e9 dny, Ostrawa, CZ<\/li>\n<li>Film + Design _ PLATFORM, M\u00fcnchen, D<\/li>\n<li>Oberhausen on Tour _ Kino Goethe, Prag, CZ<\/li>\n<\/ul>\n<\/td>\n<\/tr>\n<tr>\n<td>2013<\/td>\n<td>\n<ul>\n<li>Milan International Design Week _ IT<\/li>\n<li>Urban Stage _ Shanghai Contemporary Art Museum, CN<\/li>\n<li>Urban Stage _ LVR-Rheinisches LandesMuseum Bonn, DE<\/li>\n<li>Garage 2.0 _ K\u00fcnstlerhaus Dortmund, DE<\/li>\n<li>Archipel inVest _ Gelsenkirchen, DE<\/li>\n<\/ul>\n<\/td>\n<\/tr>\n<tr>\n<td>2012<\/td>\n<td>\n<ul>\n<li>58. Internationale Kurzfilmtage Oberhausen _ DE<\/li>\n<li>12th T-Mobile New Horizons IFF _ Wroclaw, PL<\/li>\n<li>Let there be Light Cone! _ CinemaSpace, Segal Centre for Performing Arts, Montreal, CA<\/li>\n<li>Art goes Kapakka _ Helsinki, FI<\/li>\n<li>Letterature \u2013 Rom, IT<\/li>\n<li>Internationale Kurzfilmtage Winterthur _ CH<\/li>\n<li>30 Years of Light Cone _ Centre Pompidou, Paris, FR<\/li>\n<\/ul>\n<\/td>\n<\/tr>\n<tr>\n<td>2011<\/td>\n<td>\n<ul>\n<li>Scratch Expanded _ Light Cone, Paris, FR<\/li>\n<li>PiedNu _ Elu par cette crapule, Le Havre, FR<\/li>\n<li>S\u00e9quence Court M\u00e9trage _ Toulouse, FR<\/li>\n<li>Raumwelten _ Programm Kurzfilmfestival UNLIMITED, Filmforum NRW, K\u00f6ln, DE<\/li>\n<li>Opening La Fabrique _ Mire, Nantes, FR<\/li>\n<li>33. Festival International du Court M\u00e9trage Clermont-Ferrand _ FR<\/li>\n<li>A WALL IS A SCREEN _ 24. Stuttgarter Filmwinter, DE<\/li>\n<\/ul>\n<\/td>\n<\/tr>\n<tr>\n<td>2010<\/td>\n<td>\n<ul>\n<li>Animateka_ Ljubljana, SI<\/li>\n<li>Preview of ARTE Video Night 2010 _ Petit Palais, Paris, FR<\/li>\n<li>Arte.mov festival _ Puerto Alegre, BR<\/li>\n<li>Dreaming with Open Eyes _ W\u00fcrttembergischer Kunstverein, Stuttgart, DE<\/li>\n<li>Dreaming with Open Eyes _ Museum of Image and Sound, Rojo Nova Festival, S\u00e3o Paulo, BR<\/li>\n<li>Abstracta 2010 _ Rom, IT<\/li>\n<li>Kiosk _ EXPO, Deutscher Pavillon, Shanghai, RC<\/li>\n<li>K\u00f6lner Musiknacht _ Kunst-Station St. Peter, K\u00f6ln, DE<\/li>\n<\/ul>\n<\/td>\n<\/tr>\n<tr>\n<td>2009<\/td>\n<td>\n<ul>\n<li>Preview of ARTE Video Night 2009 _ Centre Pompidou, Paris, FR<\/li>\n<li>H\u00f6hepunkte der K\u00f6lner Kunstfilmbiennale _ KW, Berlin, DE<\/li>\n<li>H\u00f6hepunkte der K\u00f6lner Kunstfilmbiennale _ Centre Pompidou, Paris, FR<\/li>\n<li>H\u00f6hepunkte der K\u00f6lner Kunstfilmbiennale _ Museum Reina Sofia, Madrid, ES<\/li>\n<li>mex _ K\u00fcnstlerhaus Dortmund, DE<\/li>\n<li>MusikBildMagie _ Kino arsenal, Berlin, DE<\/li>\n<li>10th International Film Festvial Aubagne _ FR<\/li>\n<li>reel to real _ K\u00fcnstlerhaus Mousonturm, Frankfurt , DE<\/li>\n<li>Sonderprogramm Bauhausjahr 2009 _ Bauhaus Film-Institut, Weimar, DE<\/li>\n<li>Rex _ Klarabiografen, Stockholm, SE<\/li>\n<li>Kunstgenuss _ St\u00e4dtische Galerie L\u00fcdenscheid, DE<\/li>\n<li>32nd Norwegian Short Film Festival _ Grimstad, NO<\/li>\n<li>23rd Image Forum Festival _ Tokio, JP<\/li>\n<li>Dreaming with Open Eyes _ Nabi Art Center, Seoul, KR<\/li>\n<li>Dreaming with Open Eyes _ Open Theater, Incheon, KR<\/li>\n<\/ul>\n<\/td>\n<\/tr>\n<tr>\n<td>2008<\/td>\n<td>\n<ul>\n<li>IndieLisboa 08 _ Lissabon, PT<\/li>\n<li>Preview Show 2008 _ Light Cone, Paris, FR<\/li>\n<li>VideoFest 2K8 _ Baja California, MX<\/li>\n<li>WWSF Toronto _ CA<\/li>\n<li>videoformes _ Vid\u00e9oth\u00e8que Eph\u00e9m\u00e8re, Clermont-Ferrand, FR<\/li>\n<li>24. Internationales Kurzfilm Festival Hamburg _ DE<\/li>\n<li>21. European Media Art Festival _ Osnabr\u00fcck, DE<\/li>\n<li>International Filmfestival Rotterdam _ NL<\/li>\n<\/ul>\n<\/td>\n<\/tr>\n<tr>\n<td>2007<\/td>\n<td>\n<ul>\n<li>53. Internationale Kurzfilmtage Oberhausen _ DE<\/li>\n<li>20. European Media Art Festival _ Osnabr\u00fcck, DE<\/li>\n<li>MIT European Short Film Festival _ Massachusetts, US<\/li>\n<li>17. Internationales Videofestival Bochum _ DE<\/li>\n<li>backup_festival _ Weimar, DE<\/li>\n<li>24. Kasseler Dokumentarfilm- &amp; Videofest _ DE<\/li>\n<li>Milano Film Festival 2007 _ IT<\/li>\n<li>Computing Music V _ K\u00f6ln, DE<\/li>\n<\/ul>\n<\/td>\n<\/tr>\n<tr>\n<td>2006<\/td>\n<td>\n<ul>\n<li>International Filmfestival Rotterdam _ NL<\/li>\n<li>videoformes 2006 _ Clermont-Ferrand, FR<\/li>\n<li>6th International Short Film Festival Lille _ FR<\/li>\n<li>19. European Media Art Festival _ Osnabr\u00fcck, DE<\/li>\n<li>16. Internationales Videofestival Bochum _ DE<\/li>\n<li>22. Internationales Kurzfilm Festival Hamburg _ DE<\/li>\n<li>29th Norwegian Short Film Festival _ Grimstad, NO<\/li>\n<li>14th Curtas Vila do Conde International Film Festival _ PT<\/li>\n<li>Scanners 2006 New York Video Festival _ US<\/li>\n<li>Abstracta 2006 _ Rom, IT<\/li>\n<\/ul>\n<\/td>\n<\/tr>\n<\/tbody>\n<\/table>\n[\/vc_column_text][\/vc_column][\/vc_row]\n<\/div>","protected":false},"excerpt":{"rendered":"<p>[vc_row css_animation=&#8220;fadeIn&#8220; visibility=&#8220;show-at-mm-breakpoint&#8220; el_class=&#8220;danielburkhardt-title&#8220;][vc_column][vc_column_text css=&#8220;&#8220;]Screenings[\/vc_column_text][\/vc_column][\/vc_row][vc_row css_animation=&#8220;fadeIn&#8220;][vc_column][vc_column_text css=&#8220;&#8220;] 2025 With One\u2019s Own Eyes _ Offkino Bielefeld, DE Traverse Vid\u00e9o _ ENSAV, Toulouse, FR MuMa \u2013 Mus\u00e9e d\u2019Art moderne Andr\u00e9 Malraux, Le Havre, FR With One\u2019s Own Eyes _ KHM, K\u00f6ln, DE 2024 Shorties #16 _ FITZ! Zentrum f\u00fcr Figurentheater, Stuttgart, DE blicke. filmfestival des ruhrgebiets _&hellip;<\/p>\n","protected":false},"author":1,"featured_media":0,"parent":0,"menu_order":0,"comment_status":"closed","ping_status":"closed","template":"","meta":{"footnotes":""},"class_list":["post-462","page","type-page","status-publish","hentry","entry","no-media"],"_links":{"self":[{"href":"https:\/\/danielburkhardt.de\/de\/wp-json\/wp\/v2\/pages\/462","targetHints":{"allow":["GET"]}}],"collection":[{"href":"https:\/\/danielburkhardt.de\/de\/wp-json\/wp\/v2\/pages"}],"about":[{"href":"https:\/\/danielburkhardt.de\/de\/wp-json\/wp\/v2\/types\/page"}],"author":[{"embeddable":true,"href":"https:\/\/danielburkhardt.de\/de\/wp-json\/wp\/v2\/users\/1"}],"replies":[{"embeddable":true,"href":"https:\/\/danielburkhardt.de\/de\/wp-json\/wp\/v2\/comments?post=462"}],"version-history":[{"count":6,"href":"https:\/\/danielburkhardt.de\/de\/wp-json\/wp\/v2\/pages\/462\/revisions"}],"predecessor-version":[{"id":1325,"href":"https:\/\/danielburkhardt.de\/de\/wp-json\/wp\/v2\/pages\/462\/revisions\/1325"}],"wp:attachment":[{"href":"https:\/\/danielburkhardt.de\/de\/wp-json\/wp\/v2\/media?parent=462"}],"curies":[{"name":"wp","href":"https:\/\/api.w.org\/{rel}","templated":true}]}}