{"id":459,"date":"2020-12-04T11:37:04","date_gmt":"2020-12-04T10:37:04","guid":{"rendered":"http:\/\/danielburkhardt.de\/danielburkhardt_de\/de\/?page_id=459"},"modified":"2025-11-21T16:33:31","modified_gmt":"2025-11-21T15:33:31","slug":"group-shows","status":"publish","type":"page","link":"https:\/\/danielburkhardt.de\/de\/group-shows\/","title":{"rendered":"Gruppenausstellungen"},"content":{"rendered":"<div class=\"wpb-content-wrapper\">[vc_row css_animation=&#8220;fadeIn&#8220; visibility=&#8220;show-at-mm-breakpoint&#8220; el_class=&#8220;danielburkhardt-title&#8220;][vc_column][vc_column_text css=&#8220;&#8220;]Gruppenausstellungen[\/vc_column_text][\/vc_column][\/vc_row][vc_row css_animation=&#8220;fadeIn&#8220;][vc_column][vc_column_text css=&#8220;&#8220;]\n<table class=\"danielburkhardt-table\">\n<tbody>\n<tr>\n<td>2026<\/td>\n<td>\n<ul>\n<li>SEQUENCE #6: \u00dcber Grenzen _ Kunstverein Bochum, DE<\/li>\n<\/ul>\n<\/td>\n<\/tr>\n<tr>\n<td>2025<\/td>\n<td>\n<ul>\n<li>Abendspaziergang _ \u00d6ffentlicher Stadtraum, Bielefeld, DE<\/li>\n<\/ul>\n<\/td>\n<\/tr>\n<tr>\n<td>2024<\/td>\n<td>\n<ul>\n<li>IMAI Videolounge _ NRW-Forum D\u00fcsseldorf, DE<\/li>\n<li>Abendspaziergang _ \u00d6ffentlicher Stadtraum, Bielefeld, DE<\/li>\n<\/ul>\n<\/td>\n<\/tr>\n<tr>\n<td>2023<\/td>\n<td>\n<ul>\n<li>IN_ORDNUNG _ Motorenhalle, Dresden, DE<\/li>\n<li>The City is not _ nachtspeicher23, Hamburg, DE<\/li>\n<li>Die Stadt ist anderswo. Revision eines Traums _ Museum unter Tage, Bochum, DE<\/li>\n<li>IMAI Videolounge _ NRW-Forum D\u00fcsseldorf, DE<\/li>\n<\/ul>\n<\/td>\n<\/tr>\n<tr>\n<td>2022<\/td>\n<td>\n<ul>\n<li>Are you sure you want to leave? _ art quarter budapest, HU<\/li>\n<li>Standard Canvas _ Lusvardi Art, Milano, IT<\/li>\n<li>PREVIEW 2023 &#8211; Der Wald vor lauter B\u00e4umen _ nachtspeicher23, Hamburg, DE<\/li>\n<li>IMAI Videolounge _ NRW-Forum D\u00fcsseldorf, DE<\/li>\n<\/ul>\n<\/td>\n<\/tr>\n<tr>\n<td>2021<\/td>\n<td>\n<ul>\n<li>OSTRALE Biennale O21 _ Robotron-Kantine, Dresden, DE<\/li>\n<li>Split Videoart Festival _ PROKULTURA &#8211; Opservatorij kulturnih politika, HR<\/li>\n<li>IMAI Videolounge _ NRW-Forum D\u00fcsseldorf, DE<\/li>\n<\/ul>\n<\/td>\n<\/tr>\n<tr>\n<td>2020<\/td>\n<td>\n<ul>\n<li>14th IN OUT Festival _ \u0141A\u0179NIA Center for Contemporary Art, Gdansk, PL<\/li>\n<li>VIDEOSTAGE _ Kunstverein Bochum (online)<\/li>\n<li>VIDEOFENSTER 01-18 \/ FIN DE PARTIE _ City of Gold, Essen, DE<\/li>\n<li>IMAI Videolounge _ NRW-Forum D\u00fcsseldorf, DE<\/li>\n<\/ul>\n<\/td>\n<\/tr>\n<tr>\n<td>2019<\/td>\n<td>\n<ul>\n<li>IMAI Videolounge _ NRW-Forum D\u00fcsseldorf, DE<\/li>\n<\/ul>\n<\/td>\n<\/tr>\n<tr>\n<td>2018<\/td>\n<td>\n<ul>\n<li>Marler Medienkunst-Preise 2018 _ Skulpturenmuseum Glaskasten Marl, DE<\/li>\n<li>THE LONG NOW _ me Collectors Room, Berlin, DE<\/li>\n<li>THE LONG NOW _ Museum Goch, DE<\/li>\n<li>THE LONG NOW _ Kunstverein Bochum, DE<\/li>\n<\/ul>\n<\/td>\n<\/tr>\n<tr>\n<td>2017<\/td>\n<td>\n<ul>\n<li>Medien im Raum _ 30. Stuttgarter Filmwinter, Kunstbezirk, DE<\/li>\n<li>Experimental Video Art Exhibition _ Bangkok Art &amp; Culture Centre, TH<\/li>\n<li>Experimental Video Art Exhibition _ Schaumbad &#8211; Freies Atelierhaus Graz, AT<\/li>\n<\/ul>\n<\/td>\n<\/tr>\n<tr>\n<td>2016<\/td>\n<td>\n<ul>\n<li>Office 152 N\u00b03 _ LAGE EGAL, Berlin, DE<\/li>\n<li>EDITIONSEXHIBITION _ Bruch &amp; Dallas, K\u00f6ln, DE<\/li>\n<\/ul>\n<\/td>\n<\/tr>\n<tr>\n<td>2015<\/td>\n<td>\n<ul>\n<li>The Artist is not Present _ Wu Zuoren International Foundation of Fine Arts, Beijing, RC<\/li>\n<li>RE:SET \u2013 Abstrakte Malerei in einer digitalen Welt _ Clemens-Sels-Museum Neuss, DE<\/li>\n<li>ATELIER SPEZIAL _ PACT Zollverein, Essen, DE<\/li>\n<\/ul>\n<\/td>\n<\/tr>\n<tr>\n<td>2014<\/td>\n<td>\n<ul>\n<li>31 KILO _ K\u00fcnstlerhaus Dortmund, DE<\/li>\n<li>Experimental Video Art Exhibition _ Bangkok Art and Culture Center, TH<\/li>\n<li>WESTFENSTER _ kunstachse, Bern, CH<\/li>\n<li>Experimental Video Art Exhibition _ Moltkerei Werkstatt K\u00f6ln, DE<\/li>\n<li>PARADIGITALES _ Espla Concept, Montpellier, FR<\/li>\n<li>RE:SET \u2013 Abstrakte Malerei in einer digitalen Welt _ Kunstmuseum Heidenheim, DE<\/li>\n<li>31 KILO _ the Space, Istanbul, TR<\/li>\n<li>RE:SET \u2013 Abstract Painting in a digital World _ Kunsthalle Recklinghausen, DE<\/li>\n<\/ul>\n<\/td>\n<\/tr>\n<tr>\n<td>2013<\/td>\n<td>\n<ul>\n<li>SIXPACK. 3&#215;2 Positionen zeitgen\u00f6ssischer Kunst _ Kunsthaus Stade, DE<\/li>\n<li>RE:SET \u2013 Abstract Painting in a digital World _ Kunstmuseum Celle, DE<\/li>\n<li>Urban Transition &#8211; Wege durch die Stadt _ Kunstverein Ingolstadt, DE<\/li>\n<\/ul>\n<\/td>\n<\/tr>\n<tr>\n<td>2012<\/td>\n<td>\n<ul>\n<li>RE:SET \u2013 Abstract Painting in a digital World _ Arti et Amicitae, Amsterdam, NL<\/li>\n<\/ul>\n<\/td>\n<\/tr>\n<tr>\n<td>2011<\/td>\n<td>\n<ul>\n<li>Kunstpreis Junger Westen _ Kunsthalle Recklinghausen, DE<\/li>\n<li>Tanz NRW _ PACT Zollverein, Essen, DE<\/li>\n<li>EMAF ArtBox _ Osnabr\u00fcck, DE<\/li>\n<\/ul>\n<\/td>\n<\/tr>\n<tr>\n<td>2010<\/td>\n<td>\n<ul>\n<li>kreative energie _ Landesvertretung NRW, Berlin, DE<\/li>\n<li>Junge Kunst 2010 _ Wilhelm-Hack-Museum Ludwigshafen, DE<\/li>\n<li>Tripolar _ Museum of Contemporary Art, Taipeh, RC<\/li>\n<li>DEW21 Kunstpreis _ MKK, Dortmund, DE<\/li>\n<\/ul>\n<\/td>\n<\/tr>\n<tr>\n<td>2009<\/td>\n<td>\n<ul>\n<li>Videorama _ Werkleitz, Halle (Saale), DE<\/li>\n<li>ATELIER _ PACT Zollverein, Essen, DE<\/li>\n<li>Machines \u00e0 R\u00eave \/ The Dream Machine _ Niteroi Museum of contemporary art, Rio de Janeiro, BR<\/li>\n<li>blicke. filmfestival des ruhrgebiets _\u00a0Bochum, DE<\/li>\n<\/ul>\n<\/td>\n<\/tr>\n<tr>\n<td>2008<\/td>\n<td>\n<ul>\n<li>13. Marler Video-Kunst-Preis _ Skulpturenmuseum Glaskasten Marl, DE<\/li>\n<li>Pufferraum \/ GWK F\u00f6rderpreis Kunst 2008 _ Museum Bochum, DE<\/li>\n<li>Machines \u00e0 R\u00eave \/ The Dream Machine _ Passage de Retz, Paris, FR<\/li>\n<li>F\u00f6rderpreistr\u00e4ger der Stadt K\u00f6ln _ Stapelhaus, K\u00f6ln, DE<\/li>\n<li>New Talents Junge Biennale K\u00f6ln _ Rheinauhafen, K\u00f6ln, DE<\/li>\n<li>FRAGILE 1 _ Convento de Sant Augustin, Barcelona, ES<\/li>\n<li>FRAGILE 2 _ Espai Ubu, Barcelona, ES<\/li>\n<li>Zur Zeit _ K\u00fcnstlerhaus Palais Thurn und Taxis, Bregenz, AT<\/li>\n<\/ul>\n<\/td>\n<\/tr>\n<tr>\n<td>2007<\/td>\n<td>\n<ul>\n<li>Transterritoriale Generation _ Paco das Artes, S\u00e3o Paolo, BR<\/li>\n<li>Raummaschinen _ Kunstwerk K\u00f6ln, DE<\/li>\n<li>Feldst\u00e4rke _ PACT Zollverein, Essen, DE<\/li>\n<li>100 Tage = 100 Videos _ GL Strand, Kopenhagen, DK<\/li>\n<\/ul>\n<\/td>\n<\/tr>\n<tr>\n<td>2006<\/td>\n<td>\n<ul>\n<li>12. Marler Video-Kunst-Preis _ Skulpturenmuseum Glaskasten Marl, DE<\/li>\n<li>Best of 5zu1 _ Au\u00dfenprojektion Gigacenter, K\u00f6ln, DE<\/li>\n<li>LOOP _ Barcelona, ES<\/li>\n<li>Video _ Kunsthalle G\u00f6ppingen, DE<\/li>\n<li>Carte Blanche _ Blast Kunstraum, K\u00f6ln, DE<\/li>\n<\/ul>\n<\/td>\n<\/tr>\n<\/tbody>\n<\/table>\n[\/vc_column_text][\/vc_column][\/vc_row]\n<\/div>","protected":false},"excerpt":{"rendered":"<p>[vc_row css_animation=&#8220;fadeIn&#8220; visibility=&#8220;show-at-mm-breakpoint&#8220; el_class=&#8220;danielburkhardt-title&#8220;][vc_column][vc_column_text css=&#8220;&#8220;]Gruppenausstellungen[\/vc_column_text][\/vc_column][\/vc_row][vc_row css_animation=&#8220;fadeIn&#8220;][vc_column][vc_column_text css=&#8220;&#8220;] 2026 SEQUENCE #6: \u00dcber Grenzen _ Kunstverein Bochum, DE 2025 Abendspaziergang _ \u00d6ffentlicher Stadtraum, Bielefeld, DE 2024 IMAI Videolounge _ NRW-Forum D\u00fcsseldorf, DE Abendspaziergang _ \u00d6ffentlicher Stadtraum, Bielefeld, DE 2023 IN_ORDNUNG _ Motorenhalle, Dresden, DE The City is not _ nachtspeicher23, Hamburg, DE Die Stadt ist anderswo. Revision&hellip;<\/p>\n","protected":false},"author":1,"featured_media":0,"parent":0,"menu_order":0,"comment_status":"closed","ping_status":"closed","template":"","meta":{"footnotes":""},"class_list":["post-459","page","type-page","status-publish","hentry","entry","no-media"],"_links":{"self":[{"href":"https:\/\/danielburkhardt.de\/de\/wp-json\/wp\/v2\/pages\/459","targetHints":{"allow":["GET"]}}],"collection":[{"href":"https:\/\/danielburkhardt.de\/de\/wp-json\/wp\/v2\/pages"}],"about":[{"href":"https:\/\/danielburkhardt.de\/de\/wp-json\/wp\/v2\/types\/page"}],"author":[{"embeddable":true,"href":"https:\/\/danielburkhardt.de\/de\/wp-json\/wp\/v2\/users\/1"}],"replies":[{"embeddable":true,"href":"https:\/\/danielburkhardt.de\/de\/wp-json\/wp\/v2\/comments?post=459"}],"version-history":[{"count":8,"href":"https:\/\/danielburkhardt.de\/de\/wp-json\/wp\/v2\/pages\/459\/revisions"}],"predecessor-version":[{"id":1324,"href":"https:\/\/danielburkhardt.de\/de\/wp-json\/wp\/v2\/pages\/459\/revisions\/1324"}],"wp:attachment":[{"href":"https:\/\/danielburkhardt.de\/de\/wp-json\/wp\/v2\/media?parent=459"}],"curies":[{"name":"wp","href":"https:\/\/api.w.org\/{rel}","templated":true}]}}