{"id":424,"date":"2020-12-03T14:02:56","date_gmt":"2020-12-03T13:02:56","guid":{"rendered":"http:\/\/danielburkhardt.de\/danielburkhardt_de\/de\/?page_id=424"},"modified":"2025-02-18T14:47:29","modified_gmt":"2025-02-18T13:47:29","slug":"lectures","status":"publish","type":"page","link":"https:\/\/danielburkhardt.de\/de\/lectures\/","title":{"rendered":"Seminare|Vortr\u00e4ge"},"content":{"rendered":"<div class=\"wpb-content-wrapper\">[vc_row css_animation=&#8220;fadeIn&#8220; visibility=&#8220;show-at-mm-breakpoint&#8220; el_class=&#8220;danielburkhardt-title&#8220;][vc_column][vc_column_text css=&#8220;&#8220;]Seminare|Vortr\u00e4ge[\/vc_column_text][\/vc_column][\/vc_row][vc_row css_animation=&#8220;fadeIn&#8220;][vc_column][vc_column_text]\n<table class=\"danielburkhardt-table\">\n<tbody>\n<tr>\n<td>2024<\/td>\n<td>\n<ul>\n<li>De\/Constructing the Other _ Seminar mit Matthias M\u00fcller, KHM, K\u00f6ln, DE<\/li>\n<li>Videokunst &amp; Performance _ Seminar mit Tobias Yves Zintel, KHM, K\u00f6ln, DE<\/li>\n<li>Film ist #2 _ Seminar mit Matthias M\u00fcller, KHM, K\u00f6ln, DE<\/li>\n<\/ul>\n<\/td>\n<\/tr>\n<tr>\n<td>2023<\/td>\n<td>\n<ul>\n<li>Film ist _ Seminar mit Matthias M\u00fcller, KHM, K\u00f6ln, DE<\/li>\n<li>Videokunst &amp; Performance _ Seminar mit Tobias Yves Zintel, KHM, K\u00f6ln, DE<\/li>\n<li>Ich, etc. _ Seminar mit Matthias M\u00fcller, KHM, K\u00f6ln, DE<\/li>\n<\/ul>\n<\/td>\n<\/tr>\n<tr>\n<td>2022<\/td>\n<td>\n<ul>\n<li>Experimentalfilm-Forum _ Seminar mit Matthias M\u00fcller, KHM, K\u00f6ln, DE<\/li>\n<li>Videokunst &amp; Performance _ Seminar mit Tobias Yves Zintel, KHM, K\u00f6ln, DE<\/li>\n<li>R\u00e4ume #3: Affected Places _ Seminar mit Matthias M\u00fcller, KHM, K\u00f6ln, DE<\/li>\n<\/ul>\n<\/td>\n<\/tr>\n<tr>\n<td>2021<\/td>\n<td>\n<ul>\n<li>Experimentalfilm-Forum _ Seminar mit Matthias M\u00fcller, KHM, K\u00f6ln, DE<\/li>\n<li>Videokunst &amp; Performance _ Seminar mit Tobias Yves Zintel, KHM, K\u00f6ln, DE<\/li>\n<\/ul>\n<\/td>\n<\/tr>\n<tr>\n<td>2020<\/td>\n<td>\n<ul>\n<li>Experimentalfilm-Forum _ Seminar mit Matthias M\u00fcller, KHM, K\u00f6ln, DE<\/li>\n<li>Videokunst &amp; Performance _ Seminar mit Tobias Yves Zintel, KHM, K\u00f6ln, DE<\/li>\n<\/ul>\n<\/td>\n<\/tr>\n<tr>\n<td>2019<\/td>\n<td>\n<ul>\n<li>Undirected Cinema _ Seminar mit Tobias Yves Zintel, KHM, K\u00f6ln, DE<\/li>\n<li>Found Footage Film _ Seminar mit Matthias M\u00fcller, KHM, K\u00f6ln, DE<\/li>\n<li>Videokunst &amp; Performance _ Seminar mit Tobias Yves Zintel, KHM, K\u00f6ln, DE<\/li>\n<\/ul>\n<\/td>\n<\/tr>\n<tr>\n<td>2018<\/td>\n<td>\n<ul>\n<li>R\u00e4ume #2 _ Seminar mit Matthias M\u00fcller, KHM, K\u00f6ln, DE<\/li>\n<li>Experimentalfilm-Forum _ Seminar mit Matthias M\u00fcller, KHM, K\u00f6ln, DE<\/li>\n<li>Video|Bewegtbild _ Seminar mit Christian Sievers, KHM, K\u00f6ln, DE<\/li>\n<li>First Person Cinema _ Seminar mit Matthias M\u00fcller, KHM, K\u00f6ln, DE<\/li>\n<li>Video|Bewegtbild _ Seminar, KHM K\u00f6ln, DE<\/li>\n<\/ul>\n<\/td>\n<\/tr>\n<tr>\n<td>2017<\/td>\n<td>\n<ul>\n<li>CUT IT SHORT _ Workshop mit Matthias M\u00fcller im Rahmen der Verleihung des Deutschen Kurzfilmpreises, Cinenova K\u00f6ln, DE<\/li>\n<li>Experimentalfilm-Forum _ Seminar mit Matthias M\u00fcller, KHM, K\u00f6ln, DE<\/li>\n<li>Performance _ Seminar mit Tobias Yves Zintel, KHM, K\u00f6ln, DE<\/li>\n<li>Film ohne Film _ Seminar mit Christian Faubel, Luis Negr\u00f3n van Grieken, KHM, K\u00f6ln, DE<\/li>\n<li>Video|Bewegtbild _ Seminar mit Christian Sievers, KHM, K\u00f6ln, DE<\/li>\n<\/ul>\n<\/td>\n<\/tr>\n<tr>\n<td>2016<\/td>\n<td>\n<ul>\n<li>Gegen die Tadler des Kurzen _ Vortrag mit Matthias M\u00fcller im Rahmen des Symposiums Short of What?, KHM, K\u00f6ln, DE<\/li>\n<li>Experimentalfilm-Forum _ Seminar mit Matthias M\u00fcller, KHM, K\u00f6ln, DE<\/li>\n<li>Screen Tests _ Seminar mit Tobias Yves Zintel, KHM, K\u00f6ln, DE<\/li>\n<li>Performance _ Seminar mit Tobias Yves Zintel, KHM, K\u00f6ln, DE<\/li>\n<\/ul>\n<\/td>\n<\/tr>\n<tr>\n<td>2015<\/td>\n<td>\n<ul>\n<li>Facetten des Bewegtbildes _ Seminar, Kunstakademie D\u00fcsseldorf, DE<\/li>\n<li>Vom G\u00e4rtnern in der Medienkunst \u2013 Konzeption und Realisation einer Ausstellung _ Seminar mit Helen Koriath und Matthias Neunhofer, Universit\u00e4t Osnabr\u00fcck, DE<\/li>\n<li>Videokunst _ Vortrag im Seminar von Luis Negr\u00f3n, Christian Sievers, KHM, K\u00f6ln, DE<\/li>\n<\/ul>\n<\/td>\n<\/tr>\n<tr>\n<td>2014<\/td>\n<td>\n<ul>\n<li>Aktuelle Entwicklungen und Tendenzen in der Videokunst _ Seminar mit Helen Koriath, Universit\u00e4t Osnabr\u00fcck, DE<\/li>\n<\/ul>\n<\/td>\n<\/tr>\n<tr>\n<td>2013<\/td>\n<td>\n<ul>\n<li>R\u00e4umlichkeiten im Medium Film _ Vortrag im Seminar von Sophie Maintigneux, Marc Gl\u00f6de, Matthias M\u00fcller, KHM, K\u00f6ln, DE<\/li>\n<li>Einrei\u00dfen, aufbauen, umr\u00e4umen _ Vortrag, Kunsthaus Stade, DE<\/li>\n<li>Splits and Spaces _ Vortrag, Motorenhalle, riesa efau, Dresden, DE<\/li>\n<\/ul>\n<\/td>\n<\/tr>\n<tr>\n<td>2011<\/td>\n<td>\n<ul>\n<li>Rearrangement \u2013 Alternative Collocations of Space and Time _ Vortrag, Zendai Contemporary Art Exhibition Hall, Shanghai, RC<\/li>\n<li>visuelles erz\u00e4hlen _ Seminar, Burg Giebichenstein Kunsthochschule Halle, DE<\/li>\n<\/ul>\n<\/td>\n<\/tr>\n<tr>\n<td>2010<\/td>\n<td>\n<ul>\n<li>Raum und Wahrnehmung _ Vortrag, Szenografie Kolloquium, DASA, Dortmund, DE<\/li>\n<li>Ortsangaben _ Vortrag im Seminar von Matthias M\u00fcller, KHM, K\u00f6ln, DE<\/li>\n<li>forum.expert _ Vortrag, backupfestival, Weimar, DE<\/li>\n<li>Videokunst: Gestern-Heute-Morgen _ Vortrag im Rahmen des Symposiums im Museum Glaskasten Marl, DE<\/li>\n<li>Bildfragen in der Gegenwartskunst _ Vortrag im Seminar von Helen Koriath, Universit\u00e4t Osnabr\u00fcck, DE<\/li>\n<\/ul>\n<\/td>\n<\/tr>\n<tr>\n<td>2009<\/td>\n<td>\n<ul>\n<li>Bilderforscher _ Workshop mit Kerstin Ergenzinger, Sk Stiftung Kultur, K\u00f6ln, DE<\/li>\n<li>Klangreise, Bilderreise _ Workshop mit Gerriet K. Sharma, Sk Stiftung Kultur, K\u00f6ln, DE<\/li>\n<li>Musikvideo revisited: experimentelle Formen von Bewegtbild und Klang, Sk Stiftung Kultur, K\u00f6ln, DE<\/li>\n<\/ul>\n<\/td>\n<\/tr>\n<\/tbody>\n<\/table>\n[\/vc_column_text][\/vc_column][\/vc_row]\n<\/div>","protected":false},"excerpt":{"rendered":"<p>[vc_row css_animation=&#8220;fadeIn&#8220; visibility=&#8220;show-at-mm-breakpoint&#8220; el_class=&#8220;danielburkhardt-title&#8220;][vc_column][vc_column_text css=&#8220;&#8220;]Seminare|Vortr\u00e4ge[\/vc_column_text][\/vc_column][\/vc_row][vc_row css_animation=&#8220;fadeIn&#8220;][vc_column][vc_column_text] 2024 De\/Constructing the Other _ Seminar mit Matthias M\u00fcller, KHM, K\u00f6ln, DE Videokunst &amp; Performance _ Seminar mit Tobias Yves Zintel, KHM, K\u00f6ln, DE Film ist #2 _ Seminar mit Matthias M\u00fcller, KHM, K\u00f6ln, DE 2023 Film ist _ Seminar mit Matthias M\u00fcller, KHM, K\u00f6ln, DE Videokunst &amp; Performance&hellip;<\/p>\n","protected":false},"author":1,"featured_media":0,"parent":0,"menu_order":0,"comment_status":"closed","ping_status":"closed","template":"","meta":{"footnotes":""},"class_list":["post-424","page","type-page","status-publish","hentry","entry","no-media"],"_links":{"self":[{"href":"https:\/\/danielburkhardt.de\/de\/wp-json\/wp\/v2\/pages\/424","targetHints":{"allow":["GET"]}}],"collection":[{"href":"https:\/\/danielburkhardt.de\/de\/wp-json\/wp\/v2\/pages"}],"about":[{"href":"https:\/\/danielburkhardt.de\/de\/wp-json\/wp\/v2\/types\/page"}],"author":[{"embeddable":true,"href":"https:\/\/danielburkhardt.de\/de\/wp-json\/wp\/v2\/users\/1"}],"replies":[{"embeddable":true,"href":"https:\/\/danielburkhardt.de\/de\/wp-json\/wp\/v2\/comments?post=424"}],"version-history":[{"count":8,"href":"https:\/\/danielburkhardt.de\/de\/wp-json\/wp\/v2\/pages\/424\/revisions"}],"predecessor-version":[{"id":1296,"href":"https:\/\/danielburkhardt.de\/de\/wp-json\/wp\/v2\/pages\/424\/revisions\/1296"}],"wp:attachment":[{"href":"https:\/\/danielburkhardt.de\/de\/wp-json\/wp\/v2\/media?parent=424"}],"curies":[{"name":"wp","href":"https:\/\/api.w.org\/{rel}","templated":true}]}}